{"id":1997,"date":"2020-07-12T16:40:45","date_gmt":"2020-07-12T14:40:45","guid":{"rendered":"https:\/\/laviejuive.fr\/?page_id=1997"},"modified":"2023-11-30T13:26:14","modified_gmt":"2023-11-30T12:26:14","slug":"alyah","status":"publish","type":"page","link":"https:\/\/laviejuive.fr\/index.php\/alyah\/","title":{"rendered":"Alyah"},"content":{"rendered":"<p><img decoding=\"async\" width=\"696\" height=\"435\" src=\"https:\/\/laviejuive.fr\/wp-content\/uploads\/2023\/11\/av-1024x640.jpg\" alt=\"alyah pour aller en israel\" loading=\"lazy\" srcset=\"https:\/\/laviejuive.fr\/wp-content\/uploads\/2023\/11\/av-1024x640.jpg 1024w, https:\/\/laviejuive.fr\/wp-content\/uploads\/2023\/11\/av-300x188.jpg 300w, https:\/\/laviejuive.fr\/wp-content\/uploads\/2023\/11\/av-768x480.jpg 768w, https:\/\/laviejuive.fr\/wp-content\/uploads\/2023\/11\/av-1536x960.jpg 1536w, https:\/\/laviejuive.fr\/wp-content\/uploads\/2023\/11\/av-696x435.jpg 696w, https:\/\/laviejuive.fr\/wp-content\/uploads\/2023\/11\/av-1068x668.jpg 1068w, https:\/\/laviejuive.fr\/wp-content\/uploads\/2023\/11\/av-672x420.jpg 672w, https:\/\/laviejuive.fr\/wp-content\/uploads\/2023\/11\/av.jpg 1600w\" sizes=\"(max-width: 696px) 100vw, 696px\" \/>\t\t\t\t\t\t\t\t\t\t\t\t\t\t\t<\/p>\n<h1>Menu Alyah \u2013 La Vie Juive<\/h1>\n<p>Bienvenue dans la section Alyah de <strong>La Vie Juive<\/strong>, votre guide complet pour entreprendre ce voyage spirituel et pratique. Ici, nous abordons tous les aspects essentiels de l&rsquo;Alyah, offrant des ressources pr\u00e9cieuses pour ceux qui envisagent ou pr\u00e9parent leur d\u00e9m\u00e9nagement en Isra\u00ebl.<\/p>\n<h2>Ressources Pratiques<\/h2>\n<p>Trouvez des informations d\u00e9taill\u00e9es sur les d\u00e9marches administratives, les conseils pour une int\u00e9gration r\u00e9ussie, et les histoires inspirantes de ceux qui ont d\u00e9j\u00e0 fait le grand saut. De la planification financi\u00e8re \u00e0 l\u2019adaptation culturelle, nous couvrons tous les sujets pour vous pr\u00e9parer au mieux.<\/p>\n<h2>Guides Culturels et Sociaux<\/h2>\n<p>D\u00e9couvrez la richesse culturelle d&rsquo;Isra\u00ebl \u00e0 travers nos guides. Apprenez-en plus sur la vie quotidienne, les traditions, les f\u00eates, ainsi que sur les d\u00e9fis et les opportunit\u00e9s de vivre en Isra\u00ebl.<\/p>\n<h2>T\u00e9moignages et Exp\u00e9riences<\/h2>\n<p>Lisez les t\u00e9moignages \u00e9mouvants de ceux qui ont r\u00e9alis\u00e9 leur Alyah, partageant leurs exp\u00e9riences, conseils, et le\u00e7ons apprises. Ces histoires personnelles offrent un aper\u00e7u r\u00e9el et inspirant du processus d&rsquo;Alyah.<\/p>\n<h2>Conseils d&rsquo;Experts<\/h2>\n<p>B\u00e9n\u00e9ficiez de conseils d&rsquo;experts en immigration, de professionnels de l&#8217;emploi, et de conseillers en \u00e9ducation pour faciliter votre transition. Nos experts partagent leurs connaissances pour vous aider dans chaque \u00e9tape de votre voyage.<\/p>\n<h2>\u00c9v\u00e9nements et Communaut\u00e9<\/h2>\n<p>Restez inform\u00e9 des \u00e9v\u00e9nements li\u00e9s \u00e0 l&rsquo;Alyah et d\u00e9couvrez comment rejoindre la communaut\u00e9 des Olim en Isra\u00ebl. Participez \u00e0 des rencontres, des s\u00e9minaires et des \u00e9v\u00e9nements culturels pour vous connecter avec d&rsquo;autres qui partagent votre parcours.<\/p>\n<p>Dans notre menu Alyah, chaque aspect de votre aventure est pris en compte. Nous sommes ici pour vous guider, vous inspirer, et vous soutenir dans cette \u00e9tape importante de votre vie.<\/p>\n","protected":false},"excerpt":{"rendered":"<p>Menu Alyah \u2013 La Vie Juive Bienvenue dans la section Alyah de La Vie Juive, votre guide complet pour entreprendre ce voyage spirituel et pratique. Ici, nous abordons tous les aspects essentiels de l&rsquo;Alyah, offrant des ressources pr\u00e9cieuses pour ceux qui envisagent ou pr\u00e9parent leur d\u00e9m\u00e9nagement en Isra\u00ebl. Ressources Pratiques Trouvez des informations d\u00e9taill\u00e9es sur [&hellip;]<\/p>\n","protected":false},"author":3,"featured_media":2133,"parent":0,"menu_order":0,"comment_status":"closed","ping_status":"closed","template":"","meta":{"tdm_status":"","tdm_grid_status":"","footnotes":""},"_links":{"self":[{"href":"https:\/\/laviejuive.fr\/index.php\/wp-json\/wp\/v2\/pages\/1997"}],"collection":[{"href":"https:\/\/laviejuive.fr\/index.php\/wp-json\/wp\/v2\/pages"}],"about":[{"href":"https:\/\/laviejuive.fr\/index.php\/wp-json\/wp\/v2\/types\/page"}],"author":[{"embeddable":true,"href":"https:\/\/laviejuive.fr\/index.php\/wp-json\/wp\/v2\/users\/3"}],"replies":[{"embeddable":true,"href":"https:\/\/laviejuive.fr\/index.php\/wp-json\/wp\/v2\/comments?post=1997"}],"version-history":[{"count":8,"href":"https:\/\/laviejuive.fr\/index.php\/wp-json\/wp\/v2\/pages\/1997\/revisions"}],"predecessor-version":[{"id":2136,"href":"https:\/\/laviejuive.fr\/index.php\/wp-json\/wp\/v2\/pages\/1997\/revisions\/2136"}],"wp:featuredmedia":[{"embeddable":true,"href":"https:\/\/laviejuive.fr\/index.php\/wp-json\/wp\/v2\/media\/2133"}],"wp:attachment":[{"href":"https:\/\/laviejuive.fr\/index.php\/wp-json\/wp\/v2\/media?parent=1997"}],"curies":[{"name":"wp","href":"https:\/\/api.w.org\/{rel}","templated":true}]}}